{"id":11,"date":"2025-11-18T20:44:49","date_gmt":"2025-11-18T20:44:49","guid":{"rendered":"https:\/\/zigzagzen.org\/?page_id=11"},"modified":"2026-02-05T12:25:39","modified_gmt":"2026-02-05T12:25:39","slug":"homepage","status":"publish","type":"page","link":"https:\/\/zigzagzen.org\/fr\/","title":{"rendered":"Home Page"},"content":{"rendered":"<div data-elementor-type=\"wp-page\" data-elementor-id=\"11\" class=\"elementor elementor-11\">\n\t\t\t\t<div class=\"elementor-element elementor-element-291e8609 e-flex e-con-boxed e-con e-parent\" data-id=\"291e8609\" data-element_type=\"container\">\n\t\t\t\t\t<div class=\"e-con-inner\">\n\t\t\t\t<div class=\"elementor-element elementor-element-3e38c50f elementor-widget elementor-widget-text-editor\" data-id=\"3e38c50f\" data-element_type=\"widget\" data-widget_type=\"text-editor.default\">\n\t\t\t\t\t\t\t\t\t\n<p style=\"aspect-ratio:unset;\">\u00a0<\/p>\n<div class=\"wp-block-cover alignfull is-light\" style=\"min-height: 100vh;\"><a href=\"\/fr\/info@zigzagzen.fr\/\">info@zigzagzen.fr<\/a><video class=\"wp-block-cover__video-background intrinsic-ignore\" src=\"https:\/\/zigzagzen.org\/wp-content\/uploads\/2025\/11\/5529418-hd_1920_1080_30fps.mov\" autoplay=\"autoplay\" loop=\"loop\" muted=\"\" width=\"300\" height=\"150\" data-object-fit=\"cover\"><\/video>\n<div class=\"wp-block-cover__inner-container has-global-padding is-layout-constrained wp-block-cover-is-layout-constrained\">\n<p class=\"has-text-align-center has-white-color has-text-color has-max-60-font-size\" style=\"font-style: normal; font-weight: 900; line-height: 1.2;\"><strong>Accueillez. Cr\u00e9ez. \u00c9panouissez-vous.<\/strong>.<\/p>\n\n<p class=\"has-text-align-center has-white-color has-text-color has-medium-font-size\">Des outils et des jeux qui transforment votre esprit en zigzag en super-pouvoir.<\/p>\n\n<div class=\"wp-block-spacer\" style=\"height: 55px;\" aria-hidden=\"true\">\u00a0<\/div>\n\n<div class=\"wp-block-buttons is-content-justification-center is-layout-flex wp-container-core-buttons-is-layout-a89b3969 wp-block-buttons-is-layout-flex\">\n<div class=\"wp-block-button is-style-outline is-style-outline--4\"><a class=\"wp-block-button__link has-white-color has-text-color wp-element-button\" style=\"border-radius: 0px;\" href=\"https:\/\/zigzagzen.org\/fr\/about\/\">D\u00e9couvrir<\/a><\/div>\n<\/div>\n<\/div>\n<\/div>\n\n<div class=\"wp-block-group has-global-padding is-layout-constrained wp-block-group-is-layout-constrained\">\n<div class=\"wp-block-spacer\" style=\"height: 57px;\" aria-hidden=\"true\">\u00a0<\/div>\n\n<h2 class=\"wp-block-heading has-text-align-center has-medium-font-size\" style=\"letter-spacing: 1px;\">Nous croyons que les esprits neurodivergents apportent une richesse et des perspectives extraordinaires au monde.<\/h2>\n\n<p class=\"has-text-align-center\">Zig Zag Zen cr\u00e9e des cartes, des jeux et des ressources con\u00e7us avec soin pour nourrir la concentration, la cr\u00e9ativit\u00e9 et la r\u00e9silience \u00e9motionnelle.<br \/><strong>Notre objectif : vous aider \u00e0 vous \u00e9panouir pleinement tel\u00b7le que vous \u00eates, sans masque, sans vous restreindre, simplement vous.<\/strong><\/p>\n\n<div class=\"wp-block-buttons is-horizontal is-content-justification-center is-layout-flex wp-container-core-buttons-is-layout-03627597 wp-block-buttons-is-layout-flex\">\n<div class=\"wp-block-button is-style-outline is-style-outline--5\"><a class=\"wp-block-button__link has-small-font-size has-custom-font-size wp-element-button\" style=\"border-radius: 0px;\" href=\"https:\/\/zigzagzen.org\/fr\/about\/\">\u00c0 propos<\/a><\/div>\n<\/div>\n<\/div>\n<div id=\"services\" class=\"wp-block-group alignfull pattern_multiple_covers has-background\">\n<p class=\"has-text-align-left has-secondary-color has-text-color\" style=\"letter-spacing: 1px;\">\u00a0<\/p>\n\n<h2 class=\"wp-block-heading has-text-align-left\">Nos produits<\/h2>\n\n<p class=\"has-text-align-left\">Zig Zag Zen propose des outils simples et beaux pour vous aider \u00e0 ralentir, \u00e0 vous recentrer et \u00e0 renouer avec vos forces naturelles.<\/p>\n\n<p class=\"has-text-align-left\">Ici, vos zigzags sont accueillis et respect\u00e9s. Jamais corrig\u00e9s.<\/p>\n\n<div class=\"wp-block-spacer\" style=\"height: 46px;\" aria-hidden=\"true\">\u00a0<\/div>\n\n<div class=\"wp-block-columns is-layout-flex wp-container-core-columns-is-layout-28f84493 wp-block-columns-is-layout-flex\">\n<div class=\"wp-block-column is-layout-flow wp-block-column-is-layout-flow\" style=\"padding: 0;\">\n<div class=\"wp-block-cover has-custom-content-position is-position-bottom-left\" style=\"padding: var(--wp--preset--spacing--small) var(--wp--preset--spacing--x-small) var(--wp--preset--spacing--small) var(--wp--preset--spacing--x-small);\"><img fetchpriority=\"high\" decoding=\"async\" width=\"1024\" height=\"1024\" class=\"wp-block-cover__image-background wp-image-55 size-large\" src=\"https:\/\/zigzagzen.org\/wp-content\/uploads\/2025\/11\/Deck_21830_Collage_0-1-1024x1024.png\" alt=\"\" data-object-fit=\"cover\" srcset=\"https:\/\/zigzagzen.org\/wp-content\/uploads\/2025\/11\/Deck_21830_Collage_0-1-1024x1024.png 1024w, https:\/\/zigzagzen.org\/wp-content\/uploads\/2025\/11\/Deck_21830_Collage_0-1-300x300.png 300w, https:\/\/zigzagzen.org\/wp-content\/uploads\/2025\/11\/Deck_21830_Collage_0-1-150x150.png 150w, https:\/\/zigzagzen.org\/wp-content\/uploads\/2025\/11\/Deck_21830_Collage_0-1-12x12.png 12w, https:\/\/zigzagzen.org\/wp-content\/uploads\/2025\/11\/Deck_21830_Collage_0-1.png 1080w\" sizes=\"(max-width: 1024px) 100vw, 1024px\" \/>\n<div class=\"wp-block-cover__inner-container is-layout-flow wp-block-cover-is-layout-flow\">\n<h3 class=\"wp-block-heading has-white-color has-text-color has-medium-font-size\" style=\"margin: 0;\">\u00a0<\/h3>\n\n<p class=\"has-secondary-color has-text-color has-link-color wp-elements-c5eb076a6d26de97634206c644304534\" style=\"margin: 0;\"><a href=\"https:\/\/zigzagzen.org\/fr\/about\/\">Explore more \u2192<\/a><\/p>\n<\/div>\n<\/div>\n<\/div>\n\n<div class=\"wp-block-column is-layout-flow wp-block-column-is-layout-flow\" style=\"padding: 0;\">\n<div class=\"wp-block-cover has-custom-content-position is-position-bottom-left\" style=\"padding: var(--wp--preset--spacing--small) var(--wp--preset--spacing--x-small) var(--wp--preset--spacing--small) var(--wp--preset--spacing--x-small);\"><img decoding=\"async\" width=\"150\" height=\"150\" class=\"wp-block-cover__image-background wp-image-57 size-thumbnail\" src=\"https:\/\/zigzagzen.org\/wp-content\/uploads\/2025\/11\/PNG-image-150x150.png\" alt=\"\" data-object-fit=\"cover\" \/>\n<div class=\"wp-block-cover__inner-container is-layout-flow wp-block-cover-is-layout-flow\">\n<h3 class=\"wp-block-heading has-white-color has-text-color has-medium-font-size\" style=\"margin: 0;\">Jeu de soci\u00e9t\u00e9<\/h3>\n\n<p class=\"has-secondary-color has-text-color has-link-color wp-elements-c5eb076a6d26de97634206c644304534\" style=\"margin: 0;\"><a href=\"https:\/\/zigzagzen.org\/fr\/about\/\">Explore more \u2192<\/a><\/p>\n<\/div>\n<\/div>\n<\/div>\n\n<div class=\"wp-block-column is-layout-flow wp-block-column-is-layout-flow\" style=\"padding: 0;\">\n<div class=\"wp-block-cover has-custom-content-position is-position-bottom-left\" style=\"padding: var(--wp--preset--spacing--small) var(--wp--preset--spacing--x-small) var(--wp--preset--spacing--small) var(--wp--preset--spacing--x-small);\"><video class=\"wp-block-cover__video-background intrinsic-ignore\" src=\"https:\/\/zigzagzen.org\/wp-content\/uploads\/2025\/11\/38084-416330724_medium.mp4\" autoplay=\"autoplay\" loop=\"loop\" muted=\"\" width=\"300\" height=\"150\" data-object-fit=\"cover\"><\/video>\n<div class=\"wp-block-cover__inner-container is-layout-flow wp-block-cover-is-layout-flow\">\n<h3 class=\"wp-block-heading has-white-color has-text-color has-medium-font-size\" style=\"margin: 0;\"><br \/>Jeu vid\u00e9o ludo-\u00e9ducatif<\/h3>\n\n<p class=\"has-secondary-color has-text-color has-link-color wp-elements-c5eb076a6d26de97634206c644304534\" style=\"margin: 0;\"><a href=\"https:\/\/zigzagzen.org\/fr\/about\/\">Explore more \u2192<\/a><\/p>\n<\/div>\n<\/div>\n<\/div>\n<\/div>\n\n<div class=\"wp-block-spacer\" style=\"height: 103px;\" aria-hidden=\"true\">\u00a0<\/div>\n<\/div>\n\n<div id=\"team\" class=\"wp-block-group has-global-padding is-layout-constrained wp-block-group-is-layout-constrained\">\u00a0<\/div>\n\n<div class=\"wp-block-cover alignwide has-parallax is-position-center-center\" style=\"border-radius: 0px;\">\n<div class=\"wp-block-cover__image-background wp-image-23 size-large has-parallax\" style=\"background-position: 50% 50%; background-image: url('https:\/\/zigzagzen.org\/wp-content\/uploads\/2025\/11\/Deck_21830_Collage_0-1024x1024.png');\">\u00a0<\/div>\n<div class=\"wp-block-cover__inner-container is-layout-flow wp-block-cover-is-layout-flow\">\n<div class=\"wp-block-group has-global-padding is-layout-constrained wp-block-group-is-layout-constrained\">\n<h3 class=\"wp-block-heading has-text-align-center has-text-color has-medium-font-size\" style=\"color: #fffffa; text-transform: uppercase;\">\u00a0<\/h3>\n\n<p class=\"has-text-align-center has-white-color has-text-color\">\u00a0<\/p>\n\n<div class=\"wp-block-spacer\" style=\"height: 31px;\" aria-hidden=\"true\">\u00a0<\/div>\n\n<div class=\"wp-block-buttons is-horizontal is-content-justification-center is-layout-flex wp-container-core-buttons-is-layout-03627597 wp-block-buttons-is-layout-flex\"><\/div>\n<\/div>\n<\/div>\n<\/div>\n\n<p>\u00a0<\/p>\n\t\t\t\t\t\t\t\t<\/div>\n\t\t\t\t\t<\/div>\n\t\t\t\t<\/div>\n\t\t\t\t<\/div>","protected":false},"excerpt":{"rendered":"<p>We believe neurodivergent minds bring extraordinary insight to the world. Zig Zag Zen creates thoughtfully designed cards, games, and resources that nurture focus, creativity, and emotional resilience. Our goal:to help you thrive exactly as you are \u2014 no masking, no shrinking, just you. Our Products Zig Zag Zen offers simple, beautiful tools to help you &hellip; <\/p>\n<p class=\"link-more\"><a href=\"https:\/\/zigzagzen.org\/fr\/\" class=\"more-link\">Lire la suite de<span class=\"screen-reader-text\">\u00ab\u00a0Home Page\u00a0\u00bb<\/span><\/a><\/p>","protected":false},"author":1,"featured_media":0,"parent":0,"menu_order":0,"comment_status":"closed","ping_status":"closed","template":"","meta":{"footnotes":""},"class_list":["post-11","page","type-page","status-publish","hentry"],"_links":{"self":[{"href":"https:\/\/zigzagzen.org\/fr\/wp-json\/wp\/v2\/pages\/11","targetHints":{"allow":["GET"]}}],"collection":[{"href":"https:\/\/zigzagzen.org\/fr\/wp-json\/wp\/v2\/pages"}],"about":[{"href":"https:\/\/zigzagzen.org\/fr\/wp-json\/wp\/v2\/types\/page"}],"author":[{"embeddable":true,"href":"https:\/\/zigzagzen.org\/fr\/wp-json\/wp\/v2\/users\/1"}],"replies":[{"embeddable":true,"href":"https:\/\/zigzagzen.org\/fr\/wp-json\/wp\/v2\/comments?post=11"}],"version-history":[{"count":29,"href":"https:\/\/zigzagzen.org\/fr\/wp-json\/wp\/v2\/pages\/11\/revisions"}],"predecessor-version":[{"id":120,"href":"https:\/\/zigzagzen.org\/fr\/wp-json\/wp\/v2\/pages\/11\/revisions\/120"}],"wp:attachment":[{"href":"https:\/\/zigzagzen.org\/fr\/wp-json\/wp\/v2\/media?parent=11"}],"curies":[{"name":"wp","href":"https:\/\/api.w.org\/{rel}","templated":true}]}}