{"id":12,"date":"2025-11-18T20:44:49","date_gmt":"2025-11-18T20:44:49","guid":{"rendered":"https:\/\/zigzagzen.org\/?page_id=12"},"modified":"2025-11-20T18:21:33","modified_gmt":"2025-11-20T18:21:33","slug":"about","status":"publish","type":"page","link":"https:\/\/zigzagzen.org\/fr\/about\/","title":{"rendered":"\u00c0 propos"},"content":{"rendered":"<div data-elementor-type=\"wp-page\" data-elementor-id=\"12\" class=\"elementor elementor-12\">\n\t\t\t\t<div class=\"elementor-element elementor-element-7980058e e-flex e-con-boxed e-con e-parent\" data-id=\"7980058e\" data-element_type=\"container\">\n\t\t\t\t\t<div class=\"e-con-inner\">\n\t\t\t\t<div class=\"elementor-element elementor-element-122f8cac elementor-widget elementor-widget-text-editor\" data-id=\"122f8cac\" data-element_type=\"widget\" data-widget_type=\"text-editor.default\">\n\t\t\t\t\t\t\t\t\t\n<h2 id=\"inspiro-is-a-digital-product-agency-that-focuses-on-strategy-and-design\" class=\"wp-block-heading has-large-font-size\" style=\"font-style: normal; font-weight: 100;\"><strong>ZigZagZen est une marque cr\u00e9ative et bienveillante. Notre cadre accompagne les esprits magnifiquement atypiques \u00e0 s\u2019\u00e9panouir.<\/strong><\/h2>\n\n<div class=\"wp-block-spacer\" style=\"height: 100px;\" aria-hidden=\"true\">\u00a0<\/div>\n\n<div class=\"wp-block-columns alignwide is-layout-flex wp-container-core-columns-is-layout-28f84493 wp-block-columns-is-layout-flex\">\n<div class=\"wp-block-column is-layout-flow wp-block-column-is-layout-flow\">\n<figure class=\"wp-block-image size-large\"><img fetchpriority=\"high\" decoding=\"async\" width=\"1024\" height=\"1024\" class=\"wp-image-64\" src=\"https:\/\/zigzagzen.org\/wp-content\/uploads\/2025\/11\/Deck_21830_Collage_0-2-1024x1024.png\" alt=\"\" srcset=\"https:\/\/zigzagzen.org\/wp-content\/uploads\/2025\/11\/Deck_21830_Collage_0-2-1024x1024.png 1024w, https:\/\/zigzagzen.org\/wp-content\/uploads\/2025\/11\/Deck_21830_Collage_0-2-300x300.png 300w, https:\/\/zigzagzen.org\/wp-content\/uploads\/2025\/11\/Deck_21830_Collage_0-2-150x150.png 150w, https:\/\/zigzagzen.org\/wp-content\/uploads\/2025\/11\/Deck_21830_Collage_0-2-12x12.png 12w, https:\/\/zigzagzen.org\/wp-content\/uploads\/2025\/11\/Deck_21830_Collage_0-2.png 1080w\" sizes=\"(max-width: 1024px) 100vw, 1024px\" \/><\/figure>\n\n<p class=\"has-black-color has-text-color has-medium-font-size\"><a href=\"#\">Notre Philosophie<\/a><\/p>\n\n<p class=\"has-text-color\" style=\"color: #7a7a7a;\">Certains esprits sont lin\u00e9aires.<br \/>Certains esprits ziguent.<br \/>Et zaguent.<br \/>Et certains esprits tracent des chemins enti\u00e8rement nouveaux.<\/p>\n\n<p>Zig Zag Zen c\u00e9l\u00e8bre chaque esprit qui ne suit pas la ligne droite.<\/p>\n\n<p>Nous concevons, au sein d\u2019un cadre simple et intuitif, des outils color\u00e9s et ludiques pour vous aider \u00e0 transformer votre chaos cr\u00e9atif en clart\u00e9, et vos \u00e9motions intenses en \u00e9lan. Des cartes d\u2019affirmation aux exp\u00e9riences inspir\u00e9es des jeux de soci\u00e9t\u00e9, Zig Zag Zen fait de la d\u00e9couverte de soi une aventure \u2014 pas une contrainte.<\/p>\n\n<p>C\u2019est un lieu pour les r\u00eaveur\u00b7euse\u00b7s, les cr\u00e9atif\u00b7ve\u00b7s, les curieux\u00b7ses, les sensibles, les multi-t\u00e2ches, les grands penseur\u00b7euse\u00b7s, les neurospicy\u2026<br \/>Pour toutes celles et ceux qui ont l\u2019impression que leur cerveau danse \u00e0 son propre rythme.<\/p>\n\n<p class=\"has-text-color\" style=\"color: #7a7a7a;\">Ici, vos zigzags ne sont pas des erreurs, ils sont magiques.<\/p>\n<\/div>\n<\/div>\n\n<div class=\"wp-block-spacer\" style=\"height: 100px;\" aria-hidden=\"true\">\u00a0<\/div>\n\t\t\t\t\t\t\t\t<\/div>\n\t\t\t\t\t<\/div>\n\t\t\t\t<\/div>\n\t\t\t\t<\/div>","protected":false},"excerpt":{"rendered":"<p>Zig Zag Zen is a supportive creative brand that helps beautifully unconventional minds thrive. Our Philosophy Some minds are linear.Some minds zig.Some minds zag.And some minds create whole new paths entirely. Zig Zag Zen celebrates every mind that doesn\u2019t follow the straight line. We design colorful, playful tools that help you turn your creative chaos &hellip; <\/p>\n<p class=\"link-more\"><a href=\"https:\/\/zigzagzen.org\/fr\/about\/\" class=\"more-link\">Lire la suite de<span class=\"screen-reader-text\">\u00ab\u00a0About\u00a0\u00bb<\/span><\/a><\/p>","protected":false},"author":1,"featured_media":0,"parent":0,"menu_order":0,"comment_status":"closed","ping_status":"closed","template":"elementor_header_footer","meta":{"footnotes":""},"class_list":["post-12","page","type-page","status-publish","hentry"],"_links":{"self":[{"href":"https:\/\/zigzagzen.org\/fr\/wp-json\/wp\/v2\/pages\/12","targetHints":{"allow":["GET"]}}],"collection":[{"href":"https:\/\/zigzagzen.org\/fr\/wp-json\/wp\/v2\/pages"}],"about":[{"href":"https:\/\/zigzagzen.org\/fr\/wp-json\/wp\/v2\/types\/page"}],"author":[{"embeddable":true,"href":"https:\/\/zigzagzen.org\/fr\/wp-json\/wp\/v2\/users\/1"}],"replies":[{"embeddable":true,"href":"https:\/\/zigzagzen.org\/fr\/wp-json\/wp\/v2\/comments?post=12"}],"version-history":[{"count":5,"href":"https:\/\/zigzagzen.org\/fr\/wp-json\/wp\/v2\/pages\/12\/revisions"}],"predecessor-version":[{"id":81,"href":"https:\/\/zigzagzen.org\/fr\/wp-json\/wp\/v2\/pages\/12\/revisions\/81"}],"wp:attachment":[{"href":"https:\/\/zigzagzen.org\/fr\/wp-json\/wp\/v2\/media?parent=12"}],"curies":[{"name":"wp","href":"https:\/\/api.w.org\/{rel}","templated":true}]}}